{"id":53,"date":"2018-03-23T22:17:08","date_gmt":"2018-03-23T21:17:08","guid":{"rendered":"http:\/\/adipositas-shg-leverkusen.de\/cms\/?page_id=53"},"modified":"2025-09-19T16:08:45","modified_gmt":"2025-09-19T14:08:45","slug":"partner","status":"publish","type":"page","link":"https:\/\/www.adipositas-shg-leverkusen.de\/cms\/partner\/","title":{"rendered":"Mit freundlicher Empfehlung"},"content":{"rendered":"\n<hr class=\"wp-block-separator has-css-opacity\"\/>\n\n\n\n<ul class=\"wp-block-list\">\n<li><strong>Klinikum Leverkusen<\/strong><\/li>\n<\/ul>\n\n\n\n<p>Klinik f\u00fcr Allgemein-, Viszeral- und Thoraxchirurgie<\/p>\n\n\n\n<p>Am Gesundheitspark 11<\/p>\n\n\n\n<p>51375 Leverkusen<\/p>\n\n\n\n<p>www.klinikum-lev.de<\/p>\n\n\n\n<hr class=\"wp-block-separator has-css-opacity\"\/>\n\n\n\n<p>Zentrum f\u00fcr metabolische Adipositas Chirurgie (ZMAC)<\/p>\n\n\n\n<p>Herr Dr. L\u00fcck<\/p>\n\n\n\n<p>Tel. 0214 &#8211; 13 4556<\/p>\n\n\n\n<p>Mail: zmac@klinikum-lev.de<\/p>\n\n\n\n<hr class=\"wp-block-separator has-css-opacity\"\/>\n\n\n\n<div class=\"wp-block-group\"><div class=\"wp-block-group__inner-container is-layout-flow wp-block-group-is-layout-flow\">\n<ul class=\"wp-block-list\">\n<li><strong>Psychotherapeutische Unterst\u00fctzung:<\/strong><\/li>\n<\/ul>\n<\/div><\/div>\n\n\n\n<p>Dr. med. Wolfgang Simon &amp; Partner<\/p>\n\n\n\n<p>Bergische Landstr. 84<\/p>\n\n\n\n<p>51375 Leverkusen<\/p>\n\n\n\n<p>Tel. 0214 328 34 68<\/p>\n\n\n\n<p>Mail: w.simon@praxisdrsimon.de<\/p>\n\n\n\n<p>Verhaltenstherapie bei Adipositas in Einzel- oder Gruppentherapie, Ern\u00e4hrungsmedizin<\/p>\n\n\n\n<hr class=\"wp-block-separator has-css-opacity\"\/>\n\n\n\n<ul class=\"wp-block-list\">\n<li><strong>Ern\u00e4hrungsberatung:<\/strong><\/li>\n<\/ul>\n\n\n\n<p>Frau Tetyana Agranovska, Frau Silke Kling<\/p>\n\n\n\n<p>ReHa Training GmbH<\/p>\n\n\n\n<p>Am Gesundheitspark 2<\/p>\n\n\n\n<p>51375 Leverkusen<\/p>\n\n\n\n<p>Mail: ernaehrung@reha-training.de<\/p>\n\n\n\n<hr class=\"wp-block-separator has-css-opacity\"\/>\n\n\n\n<ul class=\"wp-block-list\">\n<li><strong>Internistische Schwerpunktpraxis Adipositas:<\/strong><\/li>\n<\/ul>\n\n\n\n<p>Dr. med. Martin Reuter<\/p>\n\n\n\n<p>Birkenbergstr. 14<\/p>\n\n\n\n<p>51379 Leverkusen<\/p>\n\n\n\n<p>Tel: 02171 286 00<\/p>\n\n\n\n<p>www.praxis-dr-reuter.de<\/p>\n\n\n\n<hr class=\"wp-block-separator has-css-opacity\"\/>\n\n\n\n<ul class=\"wp-block-list\">\n<li><strong>Sportangebote:<\/strong><\/li>\n<\/ul>\n\n\n\n<p>Tanz-Sport-Gemeinschaft Leverkusen e.V.<\/p>\n\n\n\n<p>Dh\u00fcnnstr. 12<\/p>\n\n\n\n<p>51373 Leverkusen<\/p>\n\n\n\n<p>www.tsg-leverkusen.de<\/p>\n\n\n\n<hr class=\"wp-block-separator has-css-opacity\"\/>\n\n\n\n<ul class=\"wp-block-list\">\n<li><strong>Plastische Chirurgie:<\/strong><\/li>\n<\/ul>\n\n\n\n<p style=\"letter-spacing:rem\">Klinikum Leverkusen <\/p>\n\n\n\n<p style=\"letter-spacing:rem\">Department Plastische und \u00c4sthestische Chirurgie<\/p>\n\n\n\n<p>Prof. Dr. med. Busche<\/p>\n\n\n\n<p>Am Gesundheitspark 11<\/p>\n\n\n\n<p>51379 Leverkusen<\/p>\n\n\n\n<p>Tel. 0214 &#8211; 13 2151<\/p>\n\n\n\n<p>www.klinikum-lev.de<\/p>\n\n\n\n<hr class=\"wp-block-separator has-alpha-channel-opacity\"\/>\n\n\n\n<ul class=\"wp-block-list\">\n<li><strong>Adipositas Verband Deutschland e.V.<\/strong><\/li>\n<\/ul>\n\n\n\n<p>www.adipositasverband.de<\/p>\n\n\n\n<div style=\"height:327px\" aria-hidden=\"true\" class=\"wp-block-spacer\"><\/div>\n\n\n\n<figure class=\"wp-block-image size-large\"><img loading=\"lazy\" decoding=\"async\" width=\"1024\" height=\"419\" src=\"https:\/\/www.adipositas-shg-leverkusen.de\/cms\/wp-content\/uploads\/2025\/04\/adipostas-1024x419.jpg\" alt=\"\" class=\"wp-image-1021\" srcset=\"https:\/\/www.adipositas-shg-leverkusen.de\/cms\/wp-content\/uploads\/2025\/04\/adipostas-1024x419.jpg 1024w, https:\/\/www.adipositas-shg-leverkusen.de\/cms\/wp-content\/uploads\/2025\/04\/adipostas-300x123.jpg 300w, https:\/\/www.adipositas-shg-leverkusen.de\/cms\/wp-content\/uploads\/2025\/04\/adipostas-768x314.jpg 768w, https:\/\/www.adipositas-shg-leverkusen.de\/cms\/wp-content\/uploads\/2025\/04\/adipostas-1536x629.jpg 1536w, https:\/\/www.adipositas-shg-leverkusen.de\/cms\/wp-content\/uploads\/2025\/04\/adipostas.jpg 2023w\" sizes=\"auto, (max-width: 1024px) 100vw, 1024px\" \/><\/figure>\n","protected":false},"excerpt":{"rendered":"<p>Klinik f\u00fcr Allgemein-, Viszeral- und Thoraxchirurgie Am Gesundheitspark 11 51375 Leverkusen www.klinikum-lev.de Zentrum f\u00fcr metabolische Adipositas Chirurgie (ZMAC) Herr Dr. L\u00fcck Tel. 0214 &#8211; 13 4556 Mail: zmac@klinikum-lev.de Dr. med. Wolfgang Simon &amp; Partner Bergische Landstr. 84 51375 Leverkusen Tel. 0214 328 34 68 Mail: w.simon@praxisdrsimon.de Verhaltenstherapie bei Adipositas in Einzel- oder Gruppentherapie, Ern\u00e4hrungsmedizin Frau &hellip; <a href=\"https:\/\/www.adipositas-shg-leverkusen.de\/cms\/partner\/\" class=\"more-link\"><span class=\"screen-reader-text\">Mit freundlicher Empfehlung<\/span> weiterlesen<\/a><\/p>\n","protected":false},"author":3,"featured_media":0,"parent":0,"menu_order":9,"comment_status":"closed","ping_status":"closed","template":"","meta":{"footnotes":""},"class_list":["post-53","page","type-page","status-publish","hentry"],"_links":{"self":[{"href":"https:\/\/www.adipositas-shg-leverkusen.de\/cms\/wp-json\/wp\/v2\/pages\/53","targetHints":{"allow":["GET"]}}],"collection":[{"href":"https:\/\/www.adipositas-shg-leverkusen.de\/cms\/wp-json\/wp\/v2\/pages"}],"about":[{"href":"https:\/\/www.adipositas-shg-leverkusen.de\/cms\/wp-json\/wp\/v2\/types\/page"}],"author":[{"embeddable":true,"href":"https:\/\/www.adipositas-shg-leverkusen.de\/cms\/wp-json\/wp\/v2\/users\/3"}],"replies":[{"embeddable":true,"href":"https:\/\/www.adipositas-shg-leverkusen.de\/cms\/wp-json\/wp\/v2\/comments?post=53"}],"version-history":[{"count":32,"href":"https:\/\/www.adipositas-shg-leverkusen.de\/cms\/wp-json\/wp\/v2\/pages\/53\/revisions"}],"predecessor-version":[{"id":1218,"href":"https:\/\/www.adipositas-shg-leverkusen.de\/cms\/wp-json\/wp\/v2\/pages\/53\/revisions\/1218"}],"wp:attachment":[{"href":"https:\/\/www.adipositas-shg-leverkusen.de\/cms\/wp-json\/wp\/v2\/media?parent=53"}],"curies":[{"name":"wp","href":"https:\/\/api.w.org\/{rel}","templated":true}]}}