{"id":48,"date":"2018-03-23T22:16:34","date_gmt":"2018-03-23T21:16:34","guid":{"rendered":"http:\/\/adipositas-shg-leverkusen.de\/cms\/?page_id=48"},"modified":"2018-04-24T19:32:26","modified_gmt":"2018-04-24T17:32:26","slug":"verhalten","status":"publish","type":"page","link":"https:\/\/www.adipositas-shg-leverkusen.de\/cms\/verhalten\/","title":{"rendered":"Verhalten"},"content":{"rendered":"<p>Auch unser Verhalten und unsere Gewohnheiten spielen in der Behandlung von Adipositas eine sehr gro\u00dfe Rolle.<\/p>\n<p>Wir haben im Laufe des Lebens z. B. Gewohnheiten antrainiert bekommen (iss Deinen Teller leer, sonst gibt es keinen Nachtisch). Dieses Verhalten muss man \u00e4ndern. Gewohnheiten m\u00fcssen abgestellt und besiegt werden.<\/p>\n<p>Nat\u00fcrlich unterst\u00fctzen wir Dich als Selbsthilfegruppe auch hier. Es ist jedoch ebenfalls ratsam, eine Verhaltenstherapie zu absolvieren.<\/p>\n","protected":false},"excerpt":{"rendered":"<p>Auch unser Verhalten und unsere Gewohnheiten spielen in der Behandlung von Adipositas eine sehr gro\u00dfe Rolle. Wir haben im Laufe des Lebens z. B. Gewohnheiten antrainiert bekommen (iss Deinen Teller leer, sonst gibt es keinen Nachtisch). Dieses Verhalten muss man \u00e4ndern. Gewohnheiten m\u00fcssen abgestellt und besiegt werden. Nat\u00fcrlich unterst\u00fctzen wir Dich als Selbsthilfegruppe auch hier. &hellip; <a href=\"https:\/\/www.adipositas-shg-leverkusen.de\/cms\/verhalten\/\" class=\"more-link\"><span class=\"screen-reader-text\">Verhalten<\/span> weiterlesen<\/a><\/p>\n","protected":false},"author":3,"featured_media":141,"parent":0,"menu_order":3,"comment_status":"closed","ping_status":"closed","template":"","meta":{"footnotes":""},"class_list":["post-48","page","type-page","status-publish","has-post-thumbnail","hentry"],"_links":{"self":[{"href":"https:\/\/www.adipositas-shg-leverkusen.de\/cms\/wp-json\/wp\/v2\/pages\/48","targetHints":{"allow":["GET"]}}],"collection":[{"href":"https:\/\/www.adipositas-shg-leverkusen.de\/cms\/wp-json\/wp\/v2\/pages"}],"about":[{"href":"https:\/\/www.adipositas-shg-leverkusen.de\/cms\/wp-json\/wp\/v2\/types\/page"}],"author":[{"embeddable":true,"href":"https:\/\/www.adipositas-shg-leverkusen.de\/cms\/wp-json\/wp\/v2\/users\/3"}],"replies":[{"embeddable":true,"href":"https:\/\/www.adipositas-shg-leverkusen.de\/cms\/wp-json\/wp\/v2\/comments?post=48"}],"version-history":[{"count":3,"href":"https:\/\/www.adipositas-shg-leverkusen.de\/cms\/wp-json\/wp\/v2\/pages\/48\/revisions"}],"predecessor-version":[{"id":108,"href":"https:\/\/www.adipositas-shg-leverkusen.de\/cms\/wp-json\/wp\/v2\/pages\/48\/revisions\/108"}],"wp:featuredmedia":[{"embeddable":true,"href":"https:\/\/www.adipositas-shg-leverkusen.de\/cms\/wp-json\/wp\/v2\/media\/141"}],"wp:attachment":[{"href":"https:\/\/www.adipositas-shg-leverkusen.de\/cms\/wp-json\/wp\/v2\/media?parent=48"}],"curies":[{"name":"wp","href":"https:\/\/api.w.org\/{rel}","templated":true}]}}