{"id":44,"date":"2018-03-23T22:16:23","date_gmt":"2018-03-23T21:16:23","guid":{"rendered":"http:\/\/adipositas-shg-leverkusen.de\/cms\/?page_id=44"},"modified":"2026-01-27T16:18:27","modified_gmt":"2026-01-27T15:18:27","slug":"sport","status":"publish","type":"page","link":"https:\/\/www.adipositas-shg-leverkusen.de\/cms\/sport\/","title":{"rendered":"Bewegung mit XXL-Dance"},"content":{"rendered":"<p>Sicherlich spielt Sport in der Adipositas-Behandlung eine gro\u00dfe Rolle. Welche Sportart jedoch, neben einer Ern\u00e4hrungstherapie und ggf. einer Verhaltenstherapie, den richtigen Erfolg bringt, kann der Betroffene nur selbst entscheiden.<\/p>\n<p>In erster Linie sollte Sport Spa\u00df machen und nicht als l\u00e4stige Pflicht empfunden werden. Auch darf der Sport nicht \u00fcberfordern und muss dem Gewicht angepa\u00dft werden. Die M\u00f6glichkeiten sich zu bewegen sind jedoch breit gef\u00e4chert. Auch hier bieten wir Dir Unterst\u00fctzung, Tips und Ratschl\u00e4ge.<\/p>\n<p><strong>Aus unserer Selbsthilfegruppe<\/strong> <strong>heraus hat sich<\/strong> beim TSG Leverkusen <strong>eine XXL-Tanzgruppe gebildet.<\/strong> Hier flie\u00dfen Elemente von Zumba, Modern- und Jazzdance mit ein. Jeder tanzt nach seinem Leistungsstand und seinen F\u00e4higkeiten. Der Kurs findet Mittwochs in Lev-K\u00fcppersteg von 18:00 bis 19:30 Uhr im Kellerbereich statt, wir sind unter uns. Also keine Angst vor \u201eb\u00f6sen\u201c Blicken. Nat\u00fcrlich darfst du kostenlose Schnuppertrainings mitmachen.<\/p>\n<p>Sprich uns gerne an wenn du weitere Informationen ben\u00f6tigst.<\/p>\n","protected":false},"excerpt":{"rendered":"<p>Sicherlich spielt Sport in der Adipositas-Behandlung eine gro\u00dfe Rolle. Welche Sportart jedoch, neben einer Ern\u00e4hrungstherapie und ggf. einer Verhaltenstherapie, den richtigen Erfolg bringt, kann der Betroffene nur selbst entscheiden. In erster Linie sollte Sport Spa\u00df machen und nicht als l\u00e4stige Pflicht empfunden werden. Auch darf der Sport nicht \u00fcberfordern und muss dem Gewicht angepa\u00dft werden. &hellip; <a href=\"https:\/\/www.adipositas-shg-leverkusen.de\/cms\/sport\/\" class=\"more-link\"><span class=\"screen-reader-text\">Bewegung mit XXL-Dance<\/span> weiterlesen<\/a><\/p>\n","protected":false},"author":3,"featured_media":150,"parent":0,"menu_order":5,"comment_status":"closed","ping_status":"closed","template":"","meta":{"footnotes":""},"class_list":["post-44","page","type-page","status-publish","has-post-thumbnail","hentry"],"_links":{"self":[{"href":"https:\/\/www.adipositas-shg-leverkusen.de\/cms\/wp-json\/wp\/v2\/pages\/44","targetHints":{"allow":["GET"]}}],"collection":[{"href":"https:\/\/www.adipositas-shg-leverkusen.de\/cms\/wp-json\/wp\/v2\/pages"}],"about":[{"href":"https:\/\/www.adipositas-shg-leverkusen.de\/cms\/wp-json\/wp\/v2\/types\/page"}],"author":[{"embeddable":true,"href":"https:\/\/www.adipositas-shg-leverkusen.de\/cms\/wp-json\/wp\/v2\/users\/3"}],"replies":[{"embeddable":true,"href":"https:\/\/www.adipositas-shg-leverkusen.de\/cms\/wp-json\/wp\/v2\/comments?post=44"}],"version-history":[{"count":13,"href":"https:\/\/www.adipositas-shg-leverkusen.de\/cms\/wp-json\/wp\/v2\/pages\/44\/revisions"}],"predecessor-version":[{"id":1491,"href":"https:\/\/www.adipositas-shg-leverkusen.de\/cms\/wp-json\/wp\/v2\/pages\/44\/revisions\/1491"}],"wp:featuredmedia":[{"embeddable":true,"href":"https:\/\/www.adipositas-shg-leverkusen.de\/cms\/wp-json\/wp\/v2\/media\/150"}],"wp:attachment":[{"href":"https:\/\/www.adipositas-shg-leverkusen.de\/cms\/wp-json\/wp\/v2\/media?parent=44"}],"curies":[{"name":"wp","href":"https:\/\/api.w.org\/{rel}","templated":true}]}}