{"id":389,"date":"2022-06-21T08:20:25","date_gmt":"2022-06-21T06:20:25","guid":{"rendered":"https:\/\/www.adipositas-shg-leverkusen.de\/cms\/?page_id=389"},"modified":"2025-07-22T07:57:17","modified_gmt":"2025-07-22T05:57:17","slug":"wirken-und-gestalten","status":"publish","type":"page","link":"https:\/\/www.adipositas-shg-leverkusen.de\/cms\/wirken-und-gestalten\/","title":{"rendered":"Wirken und Gestalten"},"content":{"rendered":"\n<p>Das Wirken und Gestalten unserer Selbsthilfegruppe erf\u00e4hrt freundliche Unterst\u00fctzung durch: <\/p>\n\n\n\n<ul class=\"wp-block-list\">\n<li>Die gesetzliche Krankenversicherung (GKV) zur Selbsthilfef\u00f6rderung in NRW. <\/li>\n<\/ul>\n\n\n\n<figure class=\"wp-block-image size-full is-resized\"><img decoding=\"async\" src=\"https:\/\/www.adipositas-shg-leverkusen.de\/cms\/wp-content\/uploads\/2022\/06\/Foto-Krankenkassenverbund.jpg\" alt=\"\" class=\"wp-image-387\" style=\"width:487px;height:251px\"\/><figcaption class=\"wp-element-caption\">Die gesetzlichen Krankenkassen in NRW sch\u00e4tzen die Arbeit der Selbsthilfegruppen und -verb\u00e4nde sowie der Selbsthilfekontaktstellen sehr und unterst\u00fctzen sie deshalb bereits seit vielen Jahren.<\/figcaption><\/figure>\n\n\n\n<hr class=\"wp-block-separator has-alpha-channel-opacity\"\/>\n\n\n\n<ul class=\"wp-block-list\">\n<li>Der Parit\u00e4tische<\/li>\n<\/ul>\n\n\n\n<figure class=\"wp-block-image size-full is-resized\"><img loading=\"lazy\" decoding=\"async\" width=\"268\" height=\"102\" src=\"https:\/\/www.adipositas-shg-leverkusen.de\/cms\/wp-content\/uploads\/2022\/06\/Der-Pari-Lev.jpg\" alt=\"\" class=\"wp-image-398\" style=\"width:420px;height:160px\"\/><figcaption class=\"wp-element-caption\">In Selbsthilfegruppen finden Menschen, die eine Krankheit haben oder sich in einer besonderen sozialen Lage befinden, einen Ort des Austauschs mit anderen gleicherma\u00dfen Betroffenen. Hier k\u00f6nnen sie sich zu ihrem Thema informieren, sich gegenseitig unterst\u00fctzen und motivieren und somit gemeinsam ihr Projekt ein St\u00fcck weit besser bew\u00e4ltigen.<\/figcaption><\/figure>\n\n\n\n<figure class=\"wp-block-image size-full\"><img loading=\"lazy\" decoding=\"async\" width=\"280\" height=\"118\" src=\"https:\/\/www.adipositas-shg-leverkusen.de\/cms\/wp-content\/uploads\/2022\/07\/Selbsthilfenetz.jpg\" alt=\"\" class=\"wp-image-426\"\/><\/figure>\n\n\n\n<hr class=\"wp-block-separator has-alpha-channel-opacity\"\/>\n\n\n\n<ul class=\"wp-block-list\">\n<li>Stadt Leverkusen<\/li>\n<\/ul>\n\n\n\n<div style=\"height:30px\" aria-hidden=\"true\" class=\"wp-block-spacer\"><\/div>\n\n\n\n<figure class=\"wp-block-image size-large is-resized\"><img loading=\"lazy\" decoding=\"async\" width=\"1024\" height=\"242\" src=\"https:\/\/www.adipositas-shg-leverkusen.de\/cms\/wp-content\/uploads\/2022\/06\/Foto-Stadt-Lev-ArGe-1024x242.jpg\" alt=\"\" class=\"wp-image-378\" style=\"width:682px;height:161px\" srcset=\"https:\/\/www.adipositas-shg-leverkusen.de\/cms\/wp-content\/uploads\/2022\/06\/Foto-Stadt-Lev-ArGe-1024x242.jpg 1024w, https:\/\/www.adipositas-shg-leverkusen.de\/cms\/wp-content\/uploads\/2022\/06\/Foto-Stadt-Lev-ArGe-300x71.jpg 300w, https:\/\/www.adipositas-shg-leverkusen.de\/cms\/wp-content\/uploads\/2022\/06\/Foto-Stadt-Lev-ArGe-768x181.jpg 768w, https:\/\/www.adipositas-shg-leverkusen.de\/cms\/wp-content\/uploads\/2022\/06\/Foto-Stadt-Lev-ArGe-1536x362.jpg 1536w, https:\/\/www.adipositas-shg-leverkusen.de\/cms\/wp-content\/uploads\/2022\/06\/Foto-Stadt-Lev-ArGe-2048x483.jpg 2048w\" sizes=\"auto, (max-width: 1024px) 100vw, 1024px\" \/><\/figure>\n\n\n\n<hr class=\"wp-block-separator has-alpha-channel-opacity\"\/>\n\n\n\n<ul class=\"wp-block-list\">\n<li>Klinikum Leverkusen<\/li>\n<\/ul>\n\n\n\n<figure class=\"wp-block-image size-full\"><img loading=\"lazy\" decoding=\"async\" width=\"379\" height=\"159\" src=\"https:\/\/www.adipositas-shg-leverkusen.de\/cms\/wp-content\/uploads\/2022\/06\/Klinikum-.jpg\" alt=\"\" class=\"wp-image-415\" srcset=\"https:\/\/www.adipositas-shg-leverkusen.de\/cms\/wp-content\/uploads\/2022\/06\/Klinikum-.jpg 379w, https:\/\/www.adipositas-shg-leverkusen.de\/cms\/wp-content\/uploads\/2022\/06\/Klinikum--300x126.jpg 300w\" sizes=\"auto, (max-width: 379px) 100vw, 379px\" \/><\/figure>\n\n\n\n<figure class=\"wp-block-image size-full\"><img loading=\"lazy\" decoding=\"async\" width=\"263\" height=\"207\" src=\"https:\/\/www.adipositas-shg-leverkusen.de\/cms\/wp-content\/uploads\/2022\/06\/Adipo.jpg\" alt=\"\" class=\"wp-image-405\"\/><\/figure>\n\n\n\n<p><\/p>\n\n\n\n<ul class=\"wp-block-list\">\n<li>Netzwerk Adipositas Leverkusen<\/li>\n<\/ul>\n\n\n\n<figure class=\"wp-block-image size-full\"><img loading=\"lazy\" decoding=\"async\" width=\"457\" height=\"163\" src=\"https:\/\/www.adipositas-shg-leverkusen.de\/cms\/wp-content\/uploads\/2022\/06\/Netzw-Adipo.jpg\" alt=\"\" class=\"wp-image-406\" srcset=\"https:\/\/www.adipositas-shg-leverkusen.de\/cms\/wp-content\/uploads\/2022\/06\/Netzw-Adipo.jpg 457w, https:\/\/www.adipositas-shg-leverkusen.de\/cms\/wp-content\/uploads\/2022\/06\/Netzw-Adipo-300x107.jpg 300w\" sizes=\"auto, (max-width: 457px) 100vw, 457px\" \/><\/figure>\n\n\n\n<div style=\"height:317px\" aria-hidden=\"true\" class=\"wp-block-spacer\"><\/div>\n\n\n\n<figure class=\"wp-block-image size-large\"><img loading=\"lazy\" decoding=\"async\" width=\"1024\" height=\"419\" src=\"https:\/\/www.adipositas-shg-leverkusen.de\/cms\/wp-content\/uploads\/2025\/04\/adipostas-1024x419.jpg\" alt=\"\" class=\"wp-image-1021\" srcset=\"https:\/\/www.adipositas-shg-leverkusen.de\/cms\/wp-content\/uploads\/2025\/04\/adipostas-1024x419.jpg 1024w, https:\/\/www.adipositas-shg-leverkusen.de\/cms\/wp-content\/uploads\/2025\/04\/adipostas-300x123.jpg 300w, https:\/\/www.adipositas-shg-leverkusen.de\/cms\/wp-content\/uploads\/2025\/04\/adipostas-768x314.jpg 768w, https:\/\/www.adipositas-shg-leverkusen.de\/cms\/wp-content\/uploads\/2025\/04\/adipostas-1536x629.jpg 1536w, https:\/\/www.adipositas-shg-leverkusen.de\/cms\/wp-content\/uploads\/2025\/04\/adipostas.jpg 2023w\" sizes=\"auto, (max-width: 1024px) 100vw, 1024px\" \/><\/figure>\n","protected":false},"excerpt":{"rendered":"<p>Das Wirken und Gestalten unserer Selbsthilfegruppe erf\u00e4hrt freundliche Unterst\u00fctzung durch:<\/p>\n","protected":false},"author":3,"featured_media":0,"parent":0,"menu_order":0,"comment_status":"closed","ping_status":"closed","template":"","meta":{"footnotes":""},"class_list":["post-389","page","type-page","status-publish","hentry"],"_links":{"self":[{"href":"https:\/\/www.adipositas-shg-leverkusen.de\/cms\/wp-json\/wp\/v2\/pages\/389","targetHints":{"allow":["GET"]}}],"collection":[{"href":"https:\/\/www.adipositas-shg-leverkusen.de\/cms\/wp-json\/wp\/v2\/pages"}],"about":[{"href":"https:\/\/www.adipositas-shg-leverkusen.de\/cms\/wp-json\/wp\/v2\/types\/page"}],"author":[{"embeddable":true,"href":"https:\/\/www.adipositas-shg-leverkusen.de\/cms\/wp-json\/wp\/v2\/users\/3"}],"replies":[{"embeddable":true,"href":"https:\/\/www.adipositas-shg-leverkusen.de\/cms\/wp-json\/wp\/v2\/comments?post=389"}],"version-history":[{"count":16,"href":"https:\/\/www.adipositas-shg-leverkusen.de\/cms\/wp-json\/wp\/v2\/pages\/389\/revisions"}],"predecessor-version":[{"id":1166,"href":"https:\/\/www.adipositas-shg-leverkusen.de\/cms\/wp-json\/wp\/v2\/pages\/389\/revisions\/1166"}],"wp:attachment":[{"href":"https:\/\/www.adipositas-shg-leverkusen.de\/cms\/wp-json\/wp\/v2\/media?parent=389"}],"curies":[{"name":"wp","href":"https:\/\/api.w.org\/{rel}","templated":true}]}}