{"id":1435,"date":"2026-01-24T12:15:45","date_gmt":"2026-01-24T11:15:45","guid":{"rendered":"https:\/\/www.adipositas-shg-leverkusen.de\/cms\/?page_id=1435"},"modified":"2026-01-24T12:15:45","modified_gmt":"2026-01-24T11:15:45","slug":"haftungsausschluss","status":"publish","type":"page","link":"https:\/\/www.adipositas-shg-leverkusen.de\/cms\/haftungsausschluss\/","title":{"rendered":"Haftungsausschluss"},"content":{"rendered":"\n<p>Haftungsausschluss und allgemeiner Hinweis zu medizinischen Themen:<\/p>\n\n\n\n<p>Die hier dargestellten Inhalte dienen ausschlie\u00dflich der Information und allgemeinen Weiterbildung. Sie stellen keine Empfehlung oder Bewerbung der beschriebenen oder erw\u00e4hnten diagnostischen Methoden, Behandlungen oder Arzneimittel dar. Die Texte erheben weder einen Anspruch auf Vollst\u00e4ndigkeit noch kann f\u00fcr die Aktualit\u00e4t, Richtigkeit und Ausgewogenheit der dargebotenen Information garantiert werden. Der Text ersetzt keinesfalls die fachliche Beratung durch einen Arzt oder Apotheker und er darf nicht als Grundlage zur eigenst\u00e4ndigen Diagnose und Beginn, \u00c4nderung oder Beendigung einer Behandlung von Krankheiten verwendet werden.<\/p>\n\n\n\n<p>Konsultieren Sie bei gesundheitlichen Fragen oder Beschwerden immer den Arzt Ihres Vertrauens! Adipositas SHG Leverkusen und seine Autoren \u00fcbernehmen keine Haftung f\u00fcr Sch\u00e4den oder sonstige Beeintr\u00e4chtigungen, die sich aus der Anwendung der hier dargestellten Information ergeben. Bitte beachten Sie weiterhin den allgemeinen Haftungsausschluss im Impressum.<\/p>\n","protected":false},"excerpt":{"rendered":"<p>Haftungsausschluss und allgemeiner Hinweis zu medizinischen Themen: Die hier dargestellten Inhalte dienen ausschlie\u00dflich der Information und allgemeinen Weiterbildung. Sie stellen keine Empfehlung oder Bewerbung der beschriebenen oder erw\u00e4hnten diagnostischen Methoden, Behandlungen oder Arzneimittel dar. Die Texte erheben weder einen Anspruch auf Vollst\u00e4ndigkeit noch kann f\u00fcr die Aktualit\u00e4t, Richtigkeit und Ausgewogenheit der dargebotenen Information garantiert werden. &hellip; <a href=\"https:\/\/www.adipositas-shg-leverkusen.de\/cms\/haftungsausschluss\/\" class=\"more-link\"><span class=\"screen-reader-text\">Haftungsausschluss<\/span> weiterlesen<\/a><\/p>\n","protected":false},"author":8,"featured_media":0,"parent":0,"menu_order":0,"comment_status":"closed","ping_status":"closed","template":"","meta":{"footnotes":""},"class_list":["post-1435","page","type-page","status-publish","hentry"],"_links":{"self":[{"href":"https:\/\/www.adipositas-shg-leverkusen.de\/cms\/wp-json\/wp\/v2\/pages\/1435","targetHints":{"allow":["GET"]}}],"collection":[{"href":"https:\/\/www.adipositas-shg-leverkusen.de\/cms\/wp-json\/wp\/v2\/pages"}],"about":[{"href":"https:\/\/www.adipositas-shg-leverkusen.de\/cms\/wp-json\/wp\/v2\/types\/page"}],"author":[{"embeddable":true,"href":"https:\/\/www.adipositas-shg-leverkusen.de\/cms\/wp-json\/wp\/v2\/users\/8"}],"replies":[{"embeddable":true,"href":"https:\/\/www.adipositas-shg-leverkusen.de\/cms\/wp-json\/wp\/v2\/comments?post=1435"}],"version-history":[{"count":1,"href":"https:\/\/www.adipositas-shg-leverkusen.de\/cms\/wp-json\/wp\/v2\/pages\/1435\/revisions"}],"predecessor-version":[{"id":1436,"href":"https:\/\/www.adipositas-shg-leverkusen.de\/cms\/wp-json\/wp\/v2\/pages\/1435\/revisions\/1436"}],"wp:attachment":[{"href":"https:\/\/www.adipositas-shg-leverkusen.de\/cms\/wp-json\/wp\/v2\/media?parent=1435"}],"curies":[{"name":"wp","href":"https:\/\/api.w.org\/{rel}","templated":true}]}}