{"id":1308,"date":"2026-01-01T17:46:48","date_gmt":"2026-01-01T16:46:48","guid":{"rendered":"https:\/\/www.adipositas-shg-leverkusen.de\/cms\/?page_id=1308"},"modified":"2026-04-23T14:58:55","modified_gmt":"2026-04-23T12:58:55","slug":"ankuendigung","status":"publish","type":"page","link":"https:\/\/www.adipositas-shg-leverkusen.de\/cms\/ankuendigung\/","title":{"rendered":"Ank\u00fcndigungen"},"content":{"rendered":"\n<div class=\"wp-block-media-text is-stacked-on-mobile has-background\" style=\"background-color:#f6f5f4\"><figure class=\"wp-block-media-text__media\"><img loading=\"lazy\" decoding=\"async\" width=\"300\" height=\"300\" src=\"https:\/\/www.adipositas-shg-leverkusen.de\/cms\/wp-content\/uploads\/2026\/01\/megaphone-1019915_1280-300x300.jpg\" alt=\"\" class=\"wp-image-1477 size-full\" srcset=\"https:\/\/www.adipositas-shg-leverkusen.de\/cms\/wp-content\/uploads\/2026\/01\/megaphone-1019915_1280-300x300.jpg 300w, https:\/\/www.adipositas-shg-leverkusen.de\/cms\/wp-content\/uploads\/2026\/01\/megaphone-1019915_1280-1024x1024.jpg 1024w, https:\/\/www.adipositas-shg-leverkusen.de\/cms\/wp-content\/uploads\/2026\/01\/megaphone-1019915_1280-150x150.jpg 150w, https:\/\/www.adipositas-shg-leverkusen.de\/cms\/wp-content\/uploads\/2026\/01\/megaphone-1019915_1280-768x768.jpg 768w, https:\/\/www.adipositas-shg-leverkusen.de\/cms\/wp-content\/uploads\/2026\/01\/megaphone-1019915_1280.jpg 1280w\" sizes=\"auto, (max-width: 300px) 100vw, 300px\" \/><\/figure><div class=\"wp-block-media-text__content\">\n<p class=\"has-text-align-center has-large-font-size\">Informationen<\/p>\n\n\n\n<p class=\"has-text-align-center\">Vortr\u00e4ge in 2026<\/p>\n\n\n\n<p class=\"has-text-align-center\">im Rahmen unserer Pr\u00e4senztreffen<\/p>\n<\/div><\/div>\n\n\n\n<p>Am <strong>Montag, 20.07.2026, 19 Uhr<\/strong> h\u00e4lt <strong>Herr Dr. Borris Stankowski<\/strong> seinen Vortrag &#8222;M\u00f6glichkeiten der bariatrischen Chirurgie nach einer bariatrischen OP&#8220; im Kasino des Klinikum Leverkusen.<\/p>\n\n\n\n<p>Am <strong>Montag, 21.09.2026, 19 Uhr<\/strong> freuen wir uns auf <strong>Frau Sabine Rach<\/strong> mit Ihrem Vortrag &#8222;Psychotherapeutische Begleitung bei Adipositas&#8220;<\/p>\n\n\n\n<p><\/p>\n\n\n\n<p><a href=\"https:\/\/www.adipositas-shg-leverkusen.de\/cms\/das-orga-team-der-shg\/\" data-type=\"page\" data-id=\"1359\">Das Orga-Team der SHG<\/a><\/p>\n\n\n\n<p><\/p>\n","protected":false},"excerpt":{"rendered":"<p>Informationen Vortr\u00e4ge in 2026 im Rahmen unserer Pr\u00e4senztreffen Am Montag, 20.07.2026, 19 Uhr h\u00e4lt Herr Dr. Borris Stankowski seinen Vortrag &#8222;M\u00f6glichkeiten der bariatrischen Chirurgie nach einer bariatrischen OP&#8220; im Kasino des Klinikum Leverkusen. Am Montag, 21.09.2026, 19 Uhr freuen wir uns auf Frau Sabine Rach mit Ihrem Vortrag &#8222;Psychotherapeutische Begleitung bei Adipositas&#8220; Das Orga-Team der &hellip; <a href=\"https:\/\/www.adipositas-shg-leverkusen.de\/cms\/ankuendigung\/\" class=\"more-link\"><span class=\"screen-reader-text\">Ank\u00fcndigungen<\/span> weiterlesen<\/a><\/p>\n","protected":false},"author":3,"featured_media":0,"parent":0,"menu_order":0,"comment_status":"closed","ping_status":"closed","template":"","meta":{"footnotes":""},"class_list":["post-1308","page","type-page","status-publish","hentry"],"_links":{"self":[{"href":"https:\/\/www.adipositas-shg-leverkusen.de\/cms\/wp-json\/wp\/v2\/pages\/1308","targetHints":{"allow":["GET"]}}],"collection":[{"href":"https:\/\/www.adipositas-shg-leverkusen.de\/cms\/wp-json\/wp\/v2\/pages"}],"about":[{"href":"https:\/\/www.adipositas-shg-leverkusen.de\/cms\/wp-json\/wp\/v2\/types\/page"}],"author":[{"embeddable":true,"href":"https:\/\/www.adipositas-shg-leverkusen.de\/cms\/wp-json\/wp\/v2\/users\/3"}],"replies":[{"embeddable":true,"href":"https:\/\/www.adipositas-shg-leverkusen.de\/cms\/wp-json\/wp\/v2\/comments?post=1308"}],"version-history":[{"count":8,"href":"https:\/\/www.adipositas-shg-leverkusen.de\/cms\/wp-json\/wp\/v2\/pages\/1308\/revisions"}],"predecessor-version":[{"id":1544,"href":"https:\/\/www.adipositas-shg-leverkusen.de\/cms\/wp-json\/wp\/v2\/pages\/1308\/revisions\/1544"}],"wp:attachment":[{"href":"https:\/\/www.adipositas-shg-leverkusen.de\/cms\/wp-json\/wp\/v2\/media?parent=1308"}],"curies":[{"name":"wp","href":"https:\/\/api.w.org\/{rel}","templated":true}]}}