{"id":1279,"date":"2026-01-01T15:15:32","date_gmt":"2026-01-01T14:15:32","guid":{"rendered":"https:\/\/www.adipositas-shg-leverkusen.de\/cms\/?page_id=1279"},"modified":"2026-02-13T13:50:11","modified_gmt":"2026-02-13T12:50:11","slug":"informationen-zu-unseren-shg-treffen","status":"publish","type":"page","link":"https:\/\/www.adipositas-shg-leverkusen.de\/cms\/informationen-zu-unseren-shg-treffen\/","title":{"rendered":"Informationen zu unseren SHG Treffen"},"content":{"rendered":"\n<h2 class=\"wp-block-heading\">Informationen zu unseren SHG Treffen<\/h2>\n\n\n\n<p><strong>Pr\u00e4senztreffen &#8211; Treffpunkt<\/strong><\/p>\n\n\n\n<p><a href=\"https:\/\/www.adipositas-shg-leverkusen.de\/cms\/lageplan-kasino\/\">Lageplan Kasino (Treffpunkt)<\/a><\/p>\n\n\n\n<p><strong>Montag-Treffen (Pr\u00e4senztreffen):<\/strong><\/p>\n\n\n\n<p>Treffpunkt: Im Kasino im Erdgeschoss des&nbsp; Verwaltungshochhauses, Geb\u00e4ude 7, &#8211; neben Synlab- bzw. Schlaflabor, auf der R\u00fcckseite des Klinikums Leverkusen -, Paracelsusstra\u00dfe 15, 51373 Leverkusen. Zugang \u00fcber Paracelsusstra\u00dfe oder fu\u00dfl\u00e4ufig in etwa 2 Gehminuten vom Haupteingang erreichbar.&nbsp;<\/p>\n\n\n\n<p><strong>Donnerstag-Treffen (Online-Treffen):<\/strong><\/p>\n\n\n\n<p>Das Donnerstag-Treffen findet online statt.<\/p>\n\n\n\n<p>Der aktuelle Link funktioniert mit dem PC, Laptop und mobil via Smartphone. Eine WebCam sollte idealerweise vorhanden sein.<\/p>\n\n\n\n<p>Die Zugangsdaten mit Link werden wenige Tage vor dem Treffen auf unserer gesch\u00fctzten Seite bei <strong>Facebook<\/strong> bekanntgegeben, oder k\u00f6nnen im <strong>WhatsApp<\/strong>&#8211;<em><strong>Status <\/strong><\/em>des SHG-Handy eingesehen werden.&nbsp;<\/p>\n\n\n\n<p><strong>Geselliger Stammtisch<\/strong><\/p>\n\n\n\n<p>Jeden <strong>1. Freitag im Monat<\/strong> findet unser Stammtisch f\u00fcr Mitglieder der SHG statt. In privater und geselliger Runde steht der Spa\u00df und die Geselligkeit im Vordergrund. F\u00fcr viele Betroffene bedeutet das auch mal wieder rauszukommen und am Leben teilzunehmen. In der Regel wird hier <strong>nicht<\/strong> \u00fcber Adipositas oder OP-Ma\u00dfnahmen gesprochen. Hierf\u00fcr sind prim\u00e4r die Gruppentreffen Montags in Pr\u00e4senz und\/oder Donnerstags online ideal.\u00a0Der Stammtisch findet in einem <strong>\u00f6ffentlichen Restaurant<\/strong> statt. Ein Verzehrzwang besteht nicht, wird aber gerne gesehen.\u00a0<\/p>\n\n\n\n<p>Nat\u00fcrlich werden manchmal Fragen rund um das Thema Essen, Portionsgr\u00f6\u00dfe, Trinken, Trinkmenge gestellt. Diese Fragen werden wir selbstverst\u00e4ndlich kurz beantworten.<\/p>\n\n\n\n<p>Eine <strong>Anmeldung<\/strong> ist zur Reservierung eines Platzes am gro\u00dfen Tisch erforderlich, z.B. \u00fcber Facebook, E-Mail, WhatsApp oder per SMS an das SHG Handy. Das ist f\u00fcr unsere und die Planung der Restaurantbetreiber erforderlich. Selbstverst\u00e4ndlich sind Partner und\/oder Angeh\u00f6rige jederzeit herzlich willkommen. Meldet dann bitte die gesamten Personen mit an.&nbsp;<\/p>\n\n\n\n<p>Wir freuen uns darauf, Dich\/Euch kennenzulernen!<\/p>\n\n\n\n<p>Die n\u00e4chsten Termine findet Ihr hier&nbsp;<a href=\"https:\/\/www.adipositas-shg-leverkusen.de\/cms\/treffen\/\">Treffen und News<\/a><\/p>\n\n\n\n<p><\/p>\n\n\n\n<figure class=\"wp-block-image size-large\"><img loading=\"lazy\" decoding=\"async\" width=\"1024\" height=\"419\" src=\"https:\/\/www.adipositas-shg-leverkusen.de\/cms\/wp-content\/uploads\/2025\/04\/adipostas-1024x419.jpg\" alt=\"\" class=\"wp-image-1021\" srcset=\"https:\/\/www.adipositas-shg-leverkusen.de\/cms\/wp-content\/uploads\/2025\/04\/adipostas-1024x419.jpg 1024w, https:\/\/www.adipositas-shg-leverkusen.de\/cms\/wp-content\/uploads\/2025\/04\/adipostas-300x123.jpg 300w, https:\/\/www.adipositas-shg-leverkusen.de\/cms\/wp-content\/uploads\/2025\/04\/adipostas-768x314.jpg 768w, https:\/\/www.adipositas-shg-leverkusen.de\/cms\/wp-content\/uploads\/2025\/04\/adipostas-1536x629.jpg 1536w, https:\/\/www.adipositas-shg-leverkusen.de\/cms\/wp-content\/uploads\/2025\/04\/adipostas.jpg 2023w\" sizes=\"auto, (max-width: 1024px) 100vw, 1024px\" \/><\/figure>\n","protected":false},"excerpt":{"rendered":"<p>Informationen zu unseren SHG Treffen Pr\u00e4senztreffen &#8211; Treffpunkt Lageplan Kasino (Treffpunkt) Montag-Treffen (Pr\u00e4senztreffen): Treffpunkt: Im Kasino im Erdgeschoss des&nbsp; Verwaltungshochhauses, Geb\u00e4ude 7, &#8211; neben Synlab- bzw. Schlaflabor, auf der R\u00fcckseite des Klinikums Leverkusen -, Paracelsusstra\u00dfe 15, 51373 Leverkusen. Zugang \u00fcber Paracelsusstra\u00dfe oder fu\u00dfl\u00e4ufig in etwa 2 Gehminuten vom Haupteingang erreichbar.&nbsp; Donnerstag-Treffen (Online-Treffen): Das Donnerstag-Treffen findet &hellip; <a href=\"https:\/\/www.adipositas-shg-leverkusen.de\/cms\/informationen-zu-unseren-shg-treffen\/\" class=\"more-link\"><span class=\"screen-reader-text\">Informationen zu unseren SHG Treffen<\/span> weiterlesen<\/a><\/p>\n","protected":false},"author":3,"featured_media":0,"parent":0,"menu_order":0,"comment_status":"closed","ping_status":"closed","template":"","meta":{"footnotes":""},"class_list":["post-1279","page","type-page","status-publish","hentry"],"_links":{"self":[{"href":"https:\/\/www.adipositas-shg-leverkusen.de\/cms\/wp-json\/wp\/v2\/pages\/1279","targetHints":{"allow":["GET"]}}],"collection":[{"href":"https:\/\/www.adipositas-shg-leverkusen.de\/cms\/wp-json\/wp\/v2\/pages"}],"about":[{"href":"https:\/\/www.adipositas-shg-leverkusen.de\/cms\/wp-json\/wp\/v2\/types\/page"}],"author":[{"embeddable":true,"href":"https:\/\/www.adipositas-shg-leverkusen.de\/cms\/wp-json\/wp\/v2\/users\/3"}],"replies":[{"embeddable":true,"href":"https:\/\/www.adipositas-shg-leverkusen.de\/cms\/wp-json\/wp\/v2\/comments?post=1279"}],"version-history":[{"count":3,"href":"https:\/\/www.adipositas-shg-leverkusen.de\/cms\/wp-json\/wp\/v2\/pages\/1279\/revisions"}],"predecessor-version":[{"id":1523,"href":"https:\/\/www.adipositas-shg-leverkusen.de\/cms\/wp-json\/wp\/v2\/pages\/1279\/revisions\/1523"}],"wp:attachment":[{"href":"https:\/\/www.adipositas-shg-leverkusen.de\/cms\/wp-json\/wp\/v2\/media?parent=1279"}],"curies":[{"name":"wp","href":"https:\/\/api.w.org\/{rel}","templated":true}]}}