{"id":1067,"date":"2025-06-17T08:06:16","date_gmt":"2025-06-17T06:06:16","guid":{"rendered":"https:\/\/www.adipositas-shg-leverkusen.de\/cms\/?page_id=1067"},"modified":"2026-01-26T12:25:49","modified_gmt":"2026-01-26T11:25:49","slug":"aha-alte-hasen","status":"publish","type":"page","link":"https:\/\/www.adipositas-shg-leverkusen.de\/cms\/aha-alte-hasen\/","title":{"rendered":"&#8222;Alte Hasen&#8220;"},"content":{"rendered":"\n<p>Im Februar 2025 ist die Gruppe der &#8222;alten Hasen&#8220; gestartet. Kurz die &#8222;AHa Gruppe&#8220; genannt. AHa steht f\u00fcr &#8222;<strong>Alte Hasen<\/strong>&#8222;<\/p>\n\n\n\n<p>Diese Gruppentreffen werden parallel zu bzw. vor den Montags SHG Treffen stattfinden. Die &#8222;AHa Gruppe&#8220; soll f\u00fcr alle Operierten da sein, die nach der &#8222;Honeymoon &#8211; Phase&#8220;, also so ca. ab 2 Jahre nach der Operation, Probleme haben und daf\u00fcr Gespr\u00e4che und Austausch ben\u00f6tigen.<\/p>\n\n\n\n<p>Du hast z.B. folgende Probleme: <br>&#8211; In alte Verhaltensmuster gefallen<br>&#8211; Gewichtszunahme<br>&#8211; Keine Abnahme<br>&#8211; Probleme mit den Ver\u00e4nderungen nach der Abnahme, k\u00f6rperlich oder seelisch <br>&#8211; Dein Umfeld ver\u00e4ndert sich nach deiner Abnahme<br>&#8211; Oder andere Probleme die dich belasten. <\/p>\n\n\n\n<p>Dann warte nicht und komm Montags zu den AHa Treffen. Denn Du bist nicht alleine mit deinen Problemen. An jedem 3. Montag im Monat trifft sich die AHa-Gruppe ab 19 Uhr. Das Treffen endet gegen ca 21 Uhr. Es ist keine Voranmeldung notwendig.<\/p>\n\n\n\n<p>Treffpunkt: Kasino des Klinikum in der Paracelsus-Str. 15.<\/p>\n\n\n\n<p><a href=\"https:\/\/www.adipositas-shg-leverkusen.de\/cms\/treffen\/\" data-type=\"page\" data-id=\"38\">SHG Treffen und Termine<\/a><\/p>\n\n\n\n<p><a href=\"https:\/\/www.adipositas-shg-leverkusen.de\/cms\/lageplan-kasino\/\" data-type=\"page\" data-id=\"1061\">Lageplan Kasino (Treffpunkt)<\/a><\/p>\n\n\n\n<hr class=\"wp-block-separator has-alpha-channel-opacity\"\/>\n\n\n\n<figure class=\"wp-block-image size-large\"><img loading=\"lazy\" decoding=\"async\" width=\"1024\" height=\"419\" src=\"https:\/\/www.adipositas-shg-leverkusen.de\/cms\/wp-content\/uploads\/2025\/04\/adipostas-1024x419.jpg\" alt=\"\" class=\"wp-image-1021\" srcset=\"https:\/\/www.adipositas-shg-leverkusen.de\/cms\/wp-content\/uploads\/2025\/04\/adipostas-1024x419.jpg 1024w, https:\/\/www.adipositas-shg-leverkusen.de\/cms\/wp-content\/uploads\/2025\/04\/adipostas-300x123.jpg 300w, https:\/\/www.adipositas-shg-leverkusen.de\/cms\/wp-content\/uploads\/2025\/04\/adipostas-768x314.jpg 768w, https:\/\/www.adipositas-shg-leverkusen.de\/cms\/wp-content\/uploads\/2025\/04\/adipostas-1536x629.jpg 1536w, https:\/\/www.adipositas-shg-leverkusen.de\/cms\/wp-content\/uploads\/2025\/04\/adipostas.jpg 2023w\" sizes=\"auto, (max-width: 1024px) 100vw, 1024px\" \/><\/figure>\n","protected":false},"excerpt":{"rendered":"<p>Im Februar 2025 ist die Gruppe der &#8222;alten Hasen&#8220; gestartet. Kurz die &#8222;AHa Gruppe&#8220; genannt. AHa steht f\u00fcr &#8222;Alte Hasen&#8222; Diese Gruppentreffen werden parallel zu bzw. vor den Montags SHG Treffen stattfinden. Die &#8222;AHa Gruppe&#8220; soll f\u00fcr alle Operierten da sein, die nach der &#8222;Honeymoon &#8211; Phase&#8220;, also so ca. ab 2 Jahre nach der &hellip; <a href=\"https:\/\/www.adipositas-shg-leverkusen.de\/cms\/aha-alte-hasen\/\" class=\"more-link\"><span class=\"screen-reader-text\">&#8222;Alte Hasen&#8220;<\/span> weiterlesen<\/a><\/p>\n","protected":false},"author":3,"featured_media":0,"parent":0,"menu_order":0,"comment_status":"closed","ping_status":"closed","template":"","meta":{"footnotes":""},"class_list":["post-1067","page","type-page","status-publish","hentry"],"_links":{"self":[{"href":"https:\/\/www.adipositas-shg-leverkusen.de\/cms\/wp-json\/wp\/v2\/pages\/1067","targetHints":{"allow":["GET"]}}],"collection":[{"href":"https:\/\/www.adipositas-shg-leverkusen.de\/cms\/wp-json\/wp\/v2\/pages"}],"about":[{"href":"https:\/\/www.adipositas-shg-leverkusen.de\/cms\/wp-json\/wp\/v2\/types\/page"}],"author":[{"embeddable":true,"href":"https:\/\/www.adipositas-shg-leverkusen.de\/cms\/wp-json\/wp\/v2\/users\/3"}],"replies":[{"embeddable":true,"href":"https:\/\/www.adipositas-shg-leverkusen.de\/cms\/wp-json\/wp\/v2\/comments?post=1067"}],"version-history":[{"count":23,"href":"https:\/\/www.adipositas-shg-leverkusen.de\/cms\/wp-json\/wp\/v2\/pages\/1067\/revisions"}],"predecessor-version":[{"id":1476,"href":"https:\/\/www.adipositas-shg-leverkusen.de\/cms\/wp-json\/wp\/v2\/pages\/1067\/revisions\/1476"}],"wp:attachment":[{"href":"https:\/\/www.adipositas-shg-leverkusen.de\/cms\/wp-json\/wp\/v2\/media?parent=1067"}],"curies":[{"name":"wp","href":"https:\/\/api.w.org\/{rel}","templated":true}]}}