{"id":1061,"date":"2025-06-17T07:47:11","date_gmt":"2025-06-17T05:47:11","guid":{"rendered":"https:\/\/www.adipositas-shg-leverkusen.de\/cms\/?page_id=1061"},"modified":"2026-01-02T12:15:16","modified_gmt":"2026-01-02T11:15:16","slug":"lageplan-kasino","status":"publish","type":"page","link":"https:\/\/www.adipositas-shg-leverkusen.de\/cms\/lageplan-kasino\/","title":{"rendered":"Lageplan Kasino (Treffpunkt Pr\u00e4senztreffen)"},"content":{"rendered":"\n<p>Geb\u00e4ude 7, neben Synlab- bzw. Schlaflabor<\/p>\n\n\n\n<p>Kasino im Erdgeschoss des Verwaltungshochhauses (Geb\u00e4ude 7) auf der R\u00fcckseite des Klinikums Leverkusen, Paracelsusstra\u00dfe 15, 51373 Leverkusen. Zugang \u00fcber Paracelsusstra\u00dfe 15 oder fu\u00dfl\u00e4ufig in etwa 2 Gehminuten vom Haupteingang erreichbar.<\/p>\n\n\n\n<figure class=\"wp-block-image size-full is-style-zoooom\"><img loading=\"lazy\" decoding=\"async\" width=\"1140\" height=\"947\" src=\"https:\/\/www.adipositas-shg-leverkusen.de\/cms\/wp-content\/uploads\/2024\/08\/Lageplan-mit-Pfeil.jpg\" alt=\"\" class=\"wp-image-865\" srcset=\"https:\/\/www.adipositas-shg-leverkusen.de\/cms\/wp-content\/uploads\/2024\/08\/Lageplan-mit-Pfeil.jpg 1140w, https:\/\/www.adipositas-shg-leverkusen.de\/cms\/wp-content\/uploads\/2024\/08\/Lageplan-mit-Pfeil-300x249.jpg 300w, https:\/\/www.adipositas-shg-leverkusen.de\/cms\/wp-content\/uploads\/2024\/08\/Lageplan-mit-Pfeil-1024x851.jpg 1024w, https:\/\/www.adipositas-shg-leverkusen.de\/cms\/wp-content\/uploads\/2024\/08\/Lageplan-mit-Pfeil-768x638.jpg 768w\" sizes=\"auto, (max-width: 1140px) 100vw, 1140px\" \/><\/figure>\n\n\n\n<div style=\"height:140px\" aria-hidden=\"true\" class=\"wp-block-spacer\"><\/div>\n\n\n\n<figure class=\"wp-block-image size-large\"><img loading=\"lazy\" decoding=\"async\" width=\"1024\" height=\"419\" src=\"https:\/\/www.adipositas-shg-leverkusen.de\/cms\/wp-content\/uploads\/2025\/04\/adipostas-1024x419.jpg\" alt=\"\" class=\"wp-image-1021\" srcset=\"https:\/\/www.adipositas-shg-leverkusen.de\/cms\/wp-content\/uploads\/2025\/04\/adipostas-1024x419.jpg 1024w, https:\/\/www.adipositas-shg-leverkusen.de\/cms\/wp-content\/uploads\/2025\/04\/adipostas-300x123.jpg 300w, https:\/\/www.adipositas-shg-leverkusen.de\/cms\/wp-content\/uploads\/2025\/04\/adipostas-768x314.jpg 768w, https:\/\/www.adipositas-shg-leverkusen.de\/cms\/wp-content\/uploads\/2025\/04\/adipostas-1536x629.jpg 1536w, https:\/\/www.adipositas-shg-leverkusen.de\/cms\/wp-content\/uploads\/2025\/04\/adipostas.jpg 2023w\" sizes=\"auto, (max-width: 1024px) 100vw, 1024px\" \/><\/figure>\n","protected":false},"excerpt":{"rendered":"<p>Geb\u00e4ude 7, neben Synlab- bzw. Schlaflabor Kasino im Erdgeschoss des Verwaltungshochhauses (Geb\u00e4ude 7) auf der R\u00fcckseite des Klinikums Leverkusen, Paracelsusstra\u00dfe 15, 51373 Leverkusen. Zugang \u00fcber Paracelsusstra\u00dfe 15 oder fu\u00dfl\u00e4ufig in etwa 2 Gehminuten vom Haupteingang erreichbar.<\/p>\n","protected":false},"author":3,"featured_media":0,"parent":0,"menu_order":0,"comment_status":"closed","ping_status":"closed","template":"","meta":{"footnotes":""},"class_list":["post-1061","page","type-page","status-publish","hentry"],"_links":{"self":[{"href":"https:\/\/www.adipositas-shg-leverkusen.de\/cms\/wp-json\/wp\/v2\/pages\/1061","targetHints":{"allow":["GET"]}}],"collection":[{"href":"https:\/\/www.adipositas-shg-leverkusen.de\/cms\/wp-json\/wp\/v2\/pages"}],"about":[{"href":"https:\/\/www.adipositas-shg-leverkusen.de\/cms\/wp-json\/wp\/v2\/types\/page"}],"author":[{"embeddable":true,"href":"https:\/\/www.adipositas-shg-leverkusen.de\/cms\/wp-json\/wp\/v2\/users\/3"}],"replies":[{"embeddable":true,"href":"https:\/\/www.adipositas-shg-leverkusen.de\/cms\/wp-json\/wp\/v2\/comments?post=1061"}],"version-history":[{"count":10,"href":"https:\/\/www.adipositas-shg-leverkusen.de\/cms\/wp-json\/wp\/v2\/pages\/1061\/revisions"}],"predecessor-version":[{"id":1358,"href":"https:\/\/www.adipositas-shg-leverkusen.de\/cms\/wp-json\/wp\/v2\/pages\/1061\/revisions\/1358"}],"wp:attachment":[{"href":"https:\/\/www.adipositas-shg-leverkusen.de\/cms\/wp-json\/wp\/v2\/media?parent=1061"}],"curies":[{"name":"wp","href":"https:\/\/api.w.org\/{rel}","templated":true}]}}